{"id":53870,"date":"2025-09-12T00:21:08","date_gmt":"2025-09-12T00:21:08","guid":{"rendered":"https:\/\/zab.com.mx\/?post_type=product&#038;p=53870"},"modified":"2025-09-26T15:47:08","modified_gmt":"2025-09-26T15:47:08","slug":"separador-libros-clip-2","status":"publish","type":"product","link":"https:\/\/zab.com.mx\/es\/producto\/separador-libros-clip-2\/","title":{"rendered":"Separador Libros Clip"},"content":{"rendered":"<p>Separador de libros clip con pin de 25mm y clip de 65&#215;15 mm en lat\u00f3n con ba\u00f1o n\u00edquel<\/p>","protected":false},"excerpt":{"rendered":"<p>Separador de libros clip con pin de 25mm y clip de 65&#215;15 mm en lat\u00f3n con ba\u00f1o n\u00edquel<\/p>","protected":false},"featured_media":53903,"comment_status":"closed","ping_status":"closed","template":"","meta":[],"product_brand":[],"product_cat":[15,175],"product_tag":[177],"class_list":{"0":"post-53870","1":"product","2":"type-product","3":"status-publish","4":"has-post-thumbnail","6":"product_cat-catalogo","7":"product_cat-separador-de-libros","8":"product_tag-personalizado","9":"pa_color-gray","12":"first","13":"instock","14":"taxable","15":"shipping-taxable","16":"product-type-external"},"_links":{"self":[{"href":"https:\/\/zab.com.mx\/es\/wp-json\/wp\/v2\/product\/53870","targetHints":{"allow":["GET"]}}],"collection":[{"href":"https:\/\/zab.com.mx\/es\/wp-json\/wp\/v2\/product"}],"about":[{"href":"https:\/\/zab.com.mx\/es\/wp-json\/wp\/v2\/types\/product"}],"replies":[{"embeddable":true,"href":"https:\/\/zab.com.mx\/es\/wp-json\/wp\/v2\/comments?post=53870"}],"wp:featuredmedia":[{"embeddable":true,"href":"https:\/\/zab.com.mx\/es\/wp-json\/wp\/v2\/media\/53903"}],"wp:attachment":[{"href":"https:\/\/zab.com.mx\/es\/wp-json\/wp\/v2\/media?parent=53870"}],"wp:term":[{"taxonomy":"product_brand","embeddable":true,"href":"https:\/\/zab.com.mx\/es\/wp-json\/wp\/v2\/product_brand?post=53870"},{"taxonomy":"product_cat","embeddable":true,"href":"https:\/\/zab.com.mx\/es\/wp-json\/wp\/v2\/product_cat?post=53870"},{"taxonomy":"product_tag","embeddable":true,"href":"https:\/\/zab.com.mx\/es\/wp-json\/wp\/v2\/product_tag?post=53870"}],"curies":[{"name":"wp","href":"https:\/\/api.w.org\/{rel}","templated":true}]}}