{"id":53866,"date":"2025-09-12T00:20:32","date_gmt":"2025-09-12T00:20:32","guid":{"rendered":"https:\/\/zab.com.mx\/?post_type=product&#038;p=53866"},"modified":"2025-09-26T15:47:09","modified_gmt":"2025-09-26T15:47:09","slug":"separador-libros-baston","status":"publish","type":"product","link":"https:\/\/zab.com.mx\/es\/producto\/separador-libros-baston\/","title":{"rendered":"Separador Libros Bast\u00f3n"},"content":{"rendered":"<p>Separador de libros en forma de bast\u00f3n con pin de 20mm y largo total de 140 mm en metal rex ba\u00f1o n\u00edquel<\/p>","protected":false},"excerpt":{"rendered":"<p>Separador de libros en forma de bast\u00f3n con pin de 20mm y largo total de 140 mm en metal rex ba\u00f1o n\u00edquel<\/p>","protected":false},"featured_media":53901,"comment_status":"closed","ping_status":"closed","template":"","meta":[],"product_brand":[],"product_cat":[15,175],"product_tag":[177],"class_list":{"0":"post-53866","1":"product","2":"type-product","3":"status-publish","4":"has-post-thumbnail","6":"product_cat-catalogo","7":"product_cat-separador-de-libros","8":"product_tag-personalizado","9":"pa_color-gray","12":"first","13":"instock","14":"taxable","15":"shipping-taxable","16":"product-type-external"},"_links":{"self":[{"href":"https:\/\/zab.com.mx\/es\/wp-json\/wp\/v2\/product\/53866","targetHints":{"allow":["GET"]}}],"collection":[{"href":"https:\/\/zab.com.mx\/es\/wp-json\/wp\/v2\/product"}],"about":[{"href":"https:\/\/zab.com.mx\/es\/wp-json\/wp\/v2\/types\/product"}],"replies":[{"embeddable":true,"href":"https:\/\/zab.com.mx\/es\/wp-json\/wp\/v2\/comments?post=53866"}],"wp:featuredmedia":[{"embeddable":true,"href":"https:\/\/zab.com.mx\/es\/wp-json\/wp\/v2\/media\/53901"}],"wp:attachment":[{"href":"https:\/\/zab.com.mx\/es\/wp-json\/wp\/v2\/media?parent=53866"}],"wp:term":[{"taxonomy":"product_brand","embeddable":true,"href":"https:\/\/zab.com.mx\/es\/wp-json\/wp\/v2\/product_brand?post=53866"},{"taxonomy":"product_cat","embeddable":true,"href":"https:\/\/zab.com.mx\/es\/wp-json\/wp\/v2\/product_cat?post=53866"},{"taxonomy":"product_tag","embeddable":true,"href":"https:\/\/zab.com.mx\/es\/wp-json\/wp\/v2\/product_tag?post=53866"}],"curies":[{"name":"wp","href":"https:\/\/api.w.org\/{rel}","templated":true}]}}