{"id":53730,"date":"2025-09-12T00:13:29","date_gmt":"2025-09-12T00:13:29","guid":{"rendered":"https:\/\/zab.com.mx\/?post_type=product&#038;p=53730"},"modified":"2025-09-12T00:15:27","modified_gmt":"2025-09-12T00:15:27","slug":"moneda-giratoria-de-35mm-2","status":"publish","type":"product","link":"https:\/\/zab.com.mx\/es\/producto\/moneda-giratoria-de-35mm-2\/","title":{"rendered":"Moneda Giratoria de 35mm"},"content":{"rendered":"<p>Moneda giratoria con medida de 35mm y arco giratorio especial vaciados a la cera perdida en alto relieve en metal rex con ba\u00f1o de oro montada en base de solera de lat\u00f3n de 50x50mm con ba\u00f1o de oro<\/p>","protected":false},"excerpt":{"rendered":"<p>Moneda giratoria con medida de 35mm y arco giratorio especial vaciados a la cera perdida en alto relieve en metal rex con ba\u00f1o de oro montada en base de solera de lat\u00f3n de 50x50mm con ba\u00f1o de oro<\/p>","protected":false},"featured_media":53783,"comment_status":"closed","ping_status":"closed","template":"","meta":[],"product_brand":[],"product_cat":[169],"product_tag":[177],"class_list":{"0":"post-53730","1":"product","2":"type-product","3":"status-publish","4":"has-post-thumbnail","6":"product_cat-monedas-giratorias","7":"product_tag-personalizado","10":"first","11":"instock","12":"taxable","13":"shipping-taxable","14":"product-type-external"},"_links":{"self":[{"href":"https:\/\/zab.com.mx\/es\/wp-json\/wp\/v2\/product\/53730","targetHints":{"allow":["GET"]}}],"collection":[{"href":"https:\/\/zab.com.mx\/es\/wp-json\/wp\/v2\/product"}],"about":[{"href":"https:\/\/zab.com.mx\/es\/wp-json\/wp\/v2\/types\/product"}],"replies":[{"embeddable":true,"href":"https:\/\/zab.com.mx\/es\/wp-json\/wp\/v2\/comments?post=53730"}],"wp:featuredmedia":[{"embeddable":true,"href":"https:\/\/zab.com.mx\/es\/wp-json\/wp\/v2\/media\/53783"}],"wp:attachment":[{"href":"https:\/\/zab.com.mx\/es\/wp-json\/wp\/v2\/media?parent=53730"}],"wp:term":[{"taxonomy":"product_brand","embeddable":true,"href":"https:\/\/zab.com.mx\/es\/wp-json\/wp\/v2\/product_brand?post=53730"},{"taxonomy":"product_cat","embeddable":true,"href":"https:\/\/zab.com.mx\/es\/wp-json\/wp\/v2\/product_cat?post=53730"},{"taxonomy":"product_tag","embeddable":true,"href":"https:\/\/zab.com.mx\/es\/wp-json\/wp\/v2\/product_tag?post=53730"}],"curies":[{"name":"wp","href":"https:\/\/api.w.org\/{rel}","templated":true}]}}