{"id":53698,"date":"2025-09-12T00:13:04","date_gmt":"2025-09-12T00:13:04","guid":{"rendered":"https:\/\/zab.com.mx\/?post_type=product&#038;p=53698"},"modified":"2025-09-12T00:13:46","modified_gmt":"2025-09-12T00:13:46","slug":"moneda-50mm-5","status":"publish","type":"product","link":"https:\/\/zab.com.mx\/es\/producto\/moneda-50mm-5\/","title":{"rendered":"Moneda 50mm"},"content":{"rendered":"<p>Moneda vaciada a la cera perdida en alto relieve con medida de 50mm di\u00e1metro en metal rex con ba\u00f1o de n\u00edquel<\/p>","protected":false},"excerpt":{"rendered":"<p>Moneda vaciada a la cera perdida en alto relieve con medida de 50mm di\u00e1metro en metal rex con ba\u00f1o de n\u00edquel<\/p>","protected":false},"featured_media":53744,"comment_status":"closed","ping_status":"closed","template":"","meta":[],"product_brand":[],"product_cat":[167],"product_tag":[177],"class_list":{"0":"post-53698","1":"product","2":"type-product","3":"status-publish","4":"has-post-thumbnail","6":"product_cat-monedas","7":"product_tag-personalizado","10":"first","11":"instock","12":"taxable","13":"shipping-taxable","14":"product-type-external"},"_links":{"self":[{"href":"https:\/\/zab.com.mx\/es\/wp-json\/wp\/v2\/product\/53698","targetHints":{"allow":["GET"]}}],"collection":[{"href":"https:\/\/zab.com.mx\/es\/wp-json\/wp\/v2\/product"}],"about":[{"href":"https:\/\/zab.com.mx\/es\/wp-json\/wp\/v2\/types\/product"}],"replies":[{"embeddable":true,"href":"https:\/\/zab.com.mx\/es\/wp-json\/wp\/v2\/comments?post=53698"}],"wp:featuredmedia":[{"embeddable":true,"href":"https:\/\/zab.com.mx\/es\/wp-json\/wp\/v2\/media\/53744"}],"wp:attachment":[{"href":"https:\/\/zab.com.mx\/es\/wp-json\/wp\/v2\/media?parent=53698"}],"wp:term":[{"taxonomy":"product_brand","embeddable":true,"href":"https:\/\/zab.com.mx\/es\/wp-json\/wp\/v2\/product_brand?post=53698"},{"taxonomy":"product_cat","embeddable":true,"href":"https:\/\/zab.com.mx\/es\/wp-json\/wp\/v2\/product_cat?post=53698"},{"taxonomy":"product_tag","embeddable":true,"href":"https:\/\/zab.com.mx\/es\/wp-json\/wp\/v2\/product_tag?post=53698"}],"curies":[{"name":"wp","href":"https:\/\/api.w.org\/{rel}","templated":true}]}}