{"id":53667,"date":"2025-09-12T00:12:36","date_gmt":"2025-09-12T00:12:36","guid":{"rendered":"https:\/\/zab.com.mx\/?post_type=product&#038;p=53667"},"modified":"2025-09-12T00:13:18","modified_gmt":"2025-09-12T00:13:18","slug":"medalla-70mm","status":"publish","type":"product","link":"https:\/\/zab.com.mx\/es\/producto\/medalla-70mm\/","title":{"rendered":"Medalla 70mm"},"content":{"rendered":"<p>Medalla a dos caras vaciada a la cera perdida en alto relieve con medida de 70mm de di\u00e1metro en metal rex con ba\u00f1o de oro incluye list\u00f3n<\/p>","protected":false},"excerpt":{"rendered":"<p>Medalla a dos caras vaciada a la cera perdida en alto relieve con medida de 70mm de di\u00e1metro en metal rex con ba\u00f1o de oro incluye list\u00f3n<\/p>","protected":false},"featured_media":53710,"comment_status":"closed","ping_status":"closed","template":"","meta":[],"product_brand":[],"product_cat":[166],"product_tag":[177],"class_list":{"0":"post-53667","1":"product","2":"type-product","3":"status-publish","4":"has-post-thumbnail","6":"product_cat-medallas","7":"product_tag-personalizado","10":"first","11":"instock","12":"taxable","13":"shipping-taxable","14":"product-type-external"},"_links":{"self":[{"href":"https:\/\/zab.com.mx\/es\/wp-json\/wp\/v2\/product\/53667","targetHints":{"allow":["GET"]}}],"collection":[{"href":"https:\/\/zab.com.mx\/es\/wp-json\/wp\/v2\/product"}],"about":[{"href":"https:\/\/zab.com.mx\/es\/wp-json\/wp\/v2\/types\/product"}],"replies":[{"embeddable":true,"href":"https:\/\/zab.com.mx\/es\/wp-json\/wp\/v2\/comments?post=53667"}],"wp:featuredmedia":[{"embeddable":true,"href":"https:\/\/zab.com.mx\/es\/wp-json\/wp\/v2\/media\/53710"}],"wp:attachment":[{"href":"https:\/\/zab.com.mx\/es\/wp-json\/wp\/v2\/media?parent=53667"}],"wp:term":[{"taxonomy":"product_brand","embeddable":true,"href":"https:\/\/zab.com.mx\/es\/wp-json\/wp\/v2\/product_brand?post=53667"},{"taxonomy":"product_cat","embeddable":true,"href":"https:\/\/zab.com.mx\/es\/wp-json\/wp\/v2\/product_cat?post=53667"},{"taxonomy":"product_tag","embeddable":true,"href":"https:\/\/zab.com.mx\/es\/wp-json\/wp\/v2\/product_tag?post=53667"}],"curies":[{"name":"wp","href":"https:\/\/api.w.org\/{rel}","templated":true}]}}