{"id":53601,"date":"2025-09-12T00:10:49","date_gmt":"2025-09-12T00:10:49","guid":{"rendered":"https:\/\/zab.com.mx\/?post_type=product&#038;p=53601"},"modified":"2025-09-12T00:12:14","modified_gmt":"2025-09-12T00:12:14","slug":"gafete-niquel-2","status":"publish","type":"product","link":"https:\/\/zab.com.mx\/es\/producto\/gafete-niquel-2\/","title":{"rendered":"Gafete n\u00edquel"},"content":{"rendered":"<p>Gafete vaciado a la cera perdida en alto relieve medida de 70x20mm en metal rex con ba\u00f1o n\u00edquel y broche de im\u00e1n<\/p>","protected":false},"excerpt":{"rendered":"<p>Gafete vaciado a la cera perdida en alto relieve medida de 70x20mm en metal rex con ba\u00f1o n\u00edquel y broche de im\u00e1n<\/p>","protected":false},"featured_media":53652,"comment_status":"closed","ping_status":"closed","template":"","meta":[],"product_brand":[],"product_cat":[162],"product_tag":[177],"class_list":{"0":"post-53601","1":"product","2":"type-product","3":"status-publish","4":"has-post-thumbnail","6":"product_cat-gafetes","7":"product_tag-personalizado","10":"first","11":"instock","12":"taxable","13":"shipping-taxable","14":"product-type-external"},"_links":{"self":[{"href":"https:\/\/zab.com.mx\/es\/wp-json\/wp\/v2\/product\/53601","targetHints":{"allow":["GET"]}}],"collection":[{"href":"https:\/\/zab.com.mx\/es\/wp-json\/wp\/v2\/product"}],"about":[{"href":"https:\/\/zab.com.mx\/es\/wp-json\/wp\/v2\/types\/product"}],"replies":[{"embeddable":true,"href":"https:\/\/zab.com.mx\/es\/wp-json\/wp\/v2\/comments?post=53601"}],"wp:featuredmedia":[{"embeddable":true,"href":"https:\/\/zab.com.mx\/es\/wp-json\/wp\/v2\/media\/53652"}],"wp:attachment":[{"href":"https:\/\/zab.com.mx\/es\/wp-json\/wp\/v2\/media?parent=53601"}],"wp:term":[{"taxonomy":"product_brand","embeddable":true,"href":"https:\/\/zab.com.mx\/es\/wp-json\/wp\/v2\/product_brand?post=53601"},{"taxonomy":"product_cat","embeddable":true,"href":"https:\/\/zab.com.mx\/es\/wp-json\/wp\/v2\/product_cat?post=53601"},{"taxonomy":"product_tag","embeddable":true,"href":"https:\/\/zab.com.mx\/es\/wp-json\/wp\/v2\/product_tag?post=53601"}],"curies":[{"name":"wp","href":"https:\/\/api.w.org\/{rel}","templated":true}]}}