{"id":53551,"date":"2025-09-12T00:09:22","date_gmt":"2025-09-12T00:09:22","guid":{"rendered":"https:\/\/zab.com.mx\/?post_type=product&#038;p=53551"},"modified":"2025-09-12T00:10:51","modified_gmt":"2025-09-12T00:10:51","slug":"fistol-20mm-10","status":"publish","type":"product","link":"https:\/\/zab.com.mx\/es\/producto\/fistol-20mm-10\/","title":{"rendered":"Fistol 20mm"},"content":{"rendered":"<p>Fistol vaciado a la cera perdida en alto relieve con medida de 20mm de di\u00e1metro en metal rex con ba\u00f1o de n\u00edquel<\/p>","protected":false},"excerpt":{"rendered":"<p>Fistol vaciado a la cera perdida en alto relieve con medida de 20mm de di\u00e1metro en metal rex con ba\u00f1o de n\u00edquel<\/p>","protected":false},"featured_media":53610,"comment_status":"closed","ping_status":"closed","template":"","meta":[],"product_brand":[],"product_cat":[157],"product_tag":[177],"class_list":{"0":"post-53551","1":"product","2":"type-product","3":"status-publish","4":"has-post-thumbnail","6":"product_cat-fistoles","7":"product_tag-personalizado","10":"first","11":"instock","12":"taxable","13":"shipping-taxable","14":"product-type-external"},"_links":{"self":[{"href":"https:\/\/zab.com.mx\/es\/wp-json\/wp\/v2\/product\/53551","targetHints":{"allow":["GET"]}}],"collection":[{"href":"https:\/\/zab.com.mx\/es\/wp-json\/wp\/v2\/product"}],"about":[{"href":"https:\/\/zab.com.mx\/es\/wp-json\/wp\/v2\/types\/product"}],"replies":[{"embeddable":true,"href":"https:\/\/zab.com.mx\/es\/wp-json\/wp\/v2\/comments?post=53551"}],"wp:featuredmedia":[{"embeddable":true,"href":"https:\/\/zab.com.mx\/es\/wp-json\/wp\/v2\/media\/53610"}],"wp:attachment":[{"href":"https:\/\/zab.com.mx\/es\/wp-json\/wp\/v2\/media?parent=53551"}],"wp:term":[{"taxonomy":"product_brand","embeddable":true,"href":"https:\/\/zab.com.mx\/es\/wp-json\/wp\/v2\/product_brand?post=53551"},{"taxonomy":"product_cat","embeddable":true,"href":"https:\/\/zab.com.mx\/es\/wp-json\/wp\/v2\/product_cat?post=53551"},{"taxonomy":"product_tag","embeddable":true,"href":"https:\/\/zab.com.mx\/es\/wp-json\/wp\/v2\/product_tag?post=53551"}],"curies":[{"name":"wp","href":"https:\/\/api.w.org\/{rel}","templated":true}]}}