{"id":53549,"date":"2025-09-12T00:09:22","date_gmt":"2025-09-12T00:09:22","guid":{"rendered":"https:\/\/zab.com.mx\/?post_type=product&#038;p=53549"},"modified":"2025-09-12T00:10:44","modified_gmt":"2025-09-12T00:10:44","slug":"fistol-20mm-8","status":"publish","type":"product","link":"https:\/\/zab.com.mx\/es\/producto\/fistol-20mm-8\/","title":{"rendered":"Fistol 20mm"},"content":{"rendered":"<p>Fistol vaciado a la cera perdida en alto relieve con medida de 20mm de di\u00e1metro en metal rex con ba\u00f1o de n\u00edquel y aplicaci\u00f3n de tintas<\/p>","protected":false},"excerpt":{"rendered":"<p>Fistol vaciado a la cera perdida en alto relieve con medida de 20mm de di\u00e1metro en metal rex con ba\u00f1o de n\u00edquel y aplicaci\u00f3n de tintas<\/p>","protected":false},"featured_media":53592,"comment_status":"closed","ping_status":"closed","template":"","meta":[],"product_brand":[],"product_cat":[157],"product_tag":[177],"class_list":{"0":"post-53549","1":"product","2":"type-product","3":"status-publish","4":"has-post-thumbnail","6":"product_cat-fistoles","7":"product_tag-personalizado","10":"first","11":"instock","12":"taxable","13":"shipping-taxable","14":"product-type-external"},"_links":{"self":[{"href":"https:\/\/zab.com.mx\/es\/wp-json\/wp\/v2\/product\/53549","targetHints":{"allow":["GET"]}}],"collection":[{"href":"https:\/\/zab.com.mx\/es\/wp-json\/wp\/v2\/product"}],"about":[{"href":"https:\/\/zab.com.mx\/es\/wp-json\/wp\/v2\/types\/product"}],"replies":[{"embeddable":true,"href":"https:\/\/zab.com.mx\/es\/wp-json\/wp\/v2\/comments?post=53549"}],"wp:featuredmedia":[{"embeddable":true,"href":"https:\/\/zab.com.mx\/es\/wp-json\/wp\/v2\/media\/53592"}],"wp:attachment":[{"href":"https:\/\/zab.com.mx\/es\/wp-json\/wp\/v2\/media?parent=53549"}],"wp:term":[{"taxonomy":"product_brand","embeddable":true,"href":"https:\/\/zab.com.mx\/es\/wp-json\/wp\/v2\/product_brand?post=53549"},{"taxonomy":"product_cat","embeddable":true,"href":"https:\/\/zab.com.mx\/es\/wp-json\/wp\/v2\/product_cat?post=53549"},{"taxonomy":"product_tag","embeddable":true,"href":"https:\/\/zab.com.mx\/es\/wp-json\/wp\/v2\/product_tag?post=53549"}],"curies":[{"name":"wp","href":"https:\/\/api.w.org\/{rel}","templated":true}]}}