{"id":53517,"date":"2025-09-12T00:08:32","date_gmt":"2025-09-12T00:08:32","guid":{"rendered":"https:\/\/zab.com.mx\/?post_type=product&#038;p=53517"},"modified":"2025-09-12T00:10:14","modified_gmt":"2025-09-12T00:10:14","slug":"escultura-tridimensional-6","status":"publish","type":"product","link":"https:\/\/zab.com.mx\/es\/producto\/escultura-tridimensional-6\/","title":{"rendered":"Escultura Tridimensional"},"content":{"rendered":"<p>Escultura vaciada a la cera perdida en alto relieve con ba\u00f1o de n\u00edquel montada en base de solera de lat\u00f3n redonda con ba\u00f1o de n\u00edquel<\/p>","protected":false},"excerpt":{"rendered":"<p>Escultura vaciada a la cera perdida en alto relieve con ba\u00f1o de n\u00edquel montada en base de solera de lat\u00f3n redonda con ba\u00f1o de n\u00edquel<\/p>","protected":false},"featured_media":53572,"comment_status":"closed","ping_status":"closed","template":"","meta":[],"product_brand":[],"product_cat":[160],"product_tag":[177],"class_list":{"0":"post-53517","1":"product","2":"type-product","3":"status-publish","4":"has-post-thumbnail","6":"product_cat-esculturas","7":"product_tag-personalizado","10":"first","11":"instock","12":"taxable","13":"shipping-taxable","14":"product-type-external"},"_links":{"self":[{"href":"https:\/\/zab.com.mx\/es\/wp-json\/wp\/v2\/product\/53517","targetHints":{"allow":["GET"]}}],"collection":[{"href":"https:\/\/zab.com.mx\/es\/wp-json\/wp\/v2\/product"}],"about":[{"href":"https:\/\/zab.com.mx\/es\/wp-json\/wp\/v2\/types\/product"}],"replies":[{"embeddable":true,"href":"https:\/\/zab.com.mx\/es\/wp-json\/wp\/v2\/comments?post=53517"}],"wp:featuredmedia":[{"embeddable":true,"href":"https:\/\/zab.com.mx\/es\/wp-json\/wp\/v2\/media\/53572"}],"wp:attachment":[{"href":"https:\/\/zab.com.mx\/es\/wp-json\/wp\/v2\/media?parent=53517"}],"wp:term":[{"taxonomy":"product_brand","embeddable":true,"href":"https:\/\/zab.com.mx\/es\/wp-json\/wp\/v2\/product_brand?post=53517"},{"taxonomy":"product_cat","embeddable":true,"href":"https:\/\/zab.com.mx\/es\/wp-json\/wp\/v2\/product_cat?post=53517"},{"taxonomy":"product_tag","embeddable":true,"href":"https:\/\/zab.com.mx\/es\/wp-json\/wp\/v2\/product_tag?post=53517"}],"curies":[{"name":"wp","href":"https:\/\/api.w.org\/{rel}","templated":true}]}}