{"id":52260,"date":"2025-09-03T22:32:40","date_gmt":"2025-09-03T22:32:40","guid":{"rendered":"https:\/\/zab.com.mx\/?post_type=product&#038;p=52260"},"modified":"2025-09-03T22:33:09","modified_gmt":"2025-09-03T22:33:09","slug":"charm-silueta-nino-calada-plata-925","status":"publish","type":"product","link":"https:\/\/zab.com.mx\/es\/producto\/charm-silueta-nino-calada-plata-925\/","title":{"rendered":"CHARM SILUETA NI\u00d1O CALADA PLATA .925"},"content":{"rendered":"","protected":false},"excerpt":{"rendered":"<p>* Pieza de joyer\u00eda hecha a mano con amor por artesanos mexicanos, charm silueta ni\u00f1o calado tiene un acabado elegante y delicado que combina perfectamente con cualquier atuendo y se adapta bien para pulseras como collares                                                                                                                                                                                                                                                                                                              * Metal: plata ley .925,  dando un fino terminado  brilloso                                                                                                                                                                                                                                                                                                                      * Dimensiones:  \u2013  Dije 1.3  cm    &#8211; aproximadamente 2.6 cm de longitud total                                                                                     * Garant\u00eda de fabricaci\u00f3n, no aplica esta garant\u00eda si el producto fuese alterado o no se le diera el uso correcto, fuese expuesto a productos qu\u00edmicos, por fuerzas excesivas o golpes exteriores<\/p>","protected":false},"featured_media":52308,"comment_status":"closed","ping_status":"closed","template":"","meta":[],"product_brand":[],"product_cat":[59],"product_tag":[],"class_list":{"0":"post-52260","1":"product","2":"type-product","3":"status-publish","4":"has-post-thumbnail","6":"product_cat-charm","9":"first","10":"outofstock","11":"taxable","12":"shipping-taxable","13":"purchasable","14":"product-type-simple"},"_links":{"self":[{"href":"https:\/\/zab.com.mx\/es\/wp-json\/wp\/v2\/product\/52260","targetHints":{"allow":["GET"]}}],"collection":[{"href":"https:\/\/zab.com.mx\/es\/wp-json\/wp\/v2\/product"}],"about":[{"href":"https:\/\/zab.com.mx\/es\/wp-json\/wp\/v2\/types\/product"}],"replies":[{"embeddable":true,"href":"https:\/\/zab.com.mx\/es\/wp-json\/wp\/v2\/comments?post=52260"}],"wp:featuredmedia":[{"embeddable":true,"href":"https:\/\/zab.com.mx\/es\/wp-json\/wp\/v2\/media\/52308"}],"wp:attachment":[{"href":"https:\/\/zab.com.mx\/es\/wp-json\/wp\/v2\/media?parent=52260"}],"wp:term":[{"taxonomy":"product_brand","embeddable":true,"href":"https:\/\/zab.com.mx\/es\/wp-json\/wp\/v2\/product_brand?post=52260"},{"taxonomy":"product_cat","embeddable":true,"href":"https:\/\/zab.com.mx\/es\/wp-json\/wp\/v2\/product_cat?post=52260"},{"taxonomy":"product_tag","embeddable":true,"href":"https:\/\/zab.com.mx\/es\/wp-json\/wp\/v2\/product_tag?post=52260"}],"curies":[{"name":"wp","href":"https:\/\/api.w.org\/{rel}","templated":true}]}}