{"id":52195,"date":"2025-09-03T22:31:48","date_gmt":"2025-09-03T22:31:48","guid":{"rendered":"https:\/\/zab.com.mx\/?post_type=product&#038;p=52195"},"modified":"2025-09-03T22:32:42","modified_gmt":"2025-09-03T22:32:42","slug":"charm-mini-trebol-plata-925","status":"publish","type":"product","link":"https:\/\/zab.com.mx\/es\/producto\/charm-mini-trebol-plata-925\/","title":{"rendered":"CHARM MINI TREBOL PLATA .925"},"content":{"rendered":"","protected":false},"excerpt":{"rendered":"<p>* Pieza de joyer\u00eda hecha a mano con amor por artesanos mexicanos, charm  con imagen mini trebol tiene un acabado elegante y delicado que combina perfectamente con cualquier atuendo y se adapta bien para pulseras como collares                                                                                                                                                                                                                                                                                                              * Metal: plata ley .925,  dando un fino terminado  brilloso                                                                                                                                                                                                                                                                                                                      * Dimensiones:  \u2013  Dije 1.0  cm    &#8211; aproximadamente 2.2 cm de longitud total                                                                                     * Garant\u00eda de fabricaci\u00f3n, no aplica esta garant\u00eda si el producto fuese alterado o no se le diera el uso correcto, fuese expuesto a productos qu\u00edmicos, por fuerzas excesivas o golpes exteriores<\/p>","protected":false},"featured_media":52271,"comment_status":"closed","ping_status":"closed","template":"","meta":[],"product_brand":[],"product_cat":[59],"product_tag":[],"class_list":{"0":"post-52195","1":"product","2":"type-product","3":"status-publish","4":"has-post-thumbnail","6":"product_cat-charm","9":"first","10":"outofstock","11":"taxable","12":"shipping-taxable","13":"purchasable","14":"product-type-simple"},"_links":{"self":[{"href":"https:\/\/zab.com.mx\/es\/wp-json\/wp\/v2\/product\/52195","targetHints":{"allow":["GET"]}}],"collection":[{"href":"https:\/\/zab.com.mx\/es\/wp-json\/wp\/v2\/product"}],"about":[{"href":"https:\/\/zab.com.mx\/es\/wp-json\/wp\/v2\/types\/product"}],"replies":[{"embeddable":true,"href":"https:\/\/zab.com.mx\/es\/wp-json\/wp\/v2\/comments?post=52195"}],"wp:featuredmedia":[{"embeddable":true,"href":"https:\/\/zab.com.mx\/es\/wp-json\/wp\/v2\/media\/52271"}],"wp:attachment":[{"href":"https:\/\/zab.com.mx\/es\/wp-json\/wp\/v2\/media?parent=52195"}],"wp:term":[{"taxonomy":"product_brand","embeddable":true,"href":"https:\/\/zab.com.mx\/es\/wp-json\/wp\/v2\/product_brand?post=52195"},{"taxonomy":"product_cat","embeddable":true,"href":"https:\/\/zab.com.mx\/es\/wp-json\/wp\/v2\/product_cat?post=52195"},{"taxonomy":"product_tag","embeddable":true,"href":"https:\/\/zab.com.mx\/es\/wp-json\/wp\/v2\/product_tag?post=52195"}],"curies":[{"name":"wp","href":"https:\/\/api.w.org\/{rel}","templated":true}]}}