{"id":52129,"date":"2025-09-03T22:31:01","date_gmt":"2025-09-03T22:31:01","guid":{"rendered":"https:\/\/zab.com.mx\/?post_type=product&#038;p=52129"},"modified":"2025-09-29T21:04:14","modified_gmt":"2025-09-29T21:04:14","slug":"charm-con-imagen-de-san-benito-en-plata-ley-925","status":"publish","type":"product","link":"https:\/\/zab.com.mx\/es\/producto\/charm-con-imagen-de-san-benito-en-plata-ley-925\/","title":{"rendered":"CHARM  CON IMAGEN DE SAN BENITO EN PLATA LEY .925"},"content":{"rendered":"<p>Metal: Plata .925<br \/>\nBa\u00f1o: N\/A<br \/>\nPiedra: N \/ A<br \/>\nTintas: N\/A<br \/>\nDi\u00e1metro: 1.2 cm<br \/>\nAlto Dije: N\/A<br \/>\nAncho Dije: N\/A<br \/>\nAlto Total: 2.7 cm<\/p>","protected":false},"excerpt":{"rendered":"<p>* Pieza de joyer\u00eda hecha a mano con amor por artesanos mexicanos, charm con imagen religiosa de San Benito a dos caras tiene un acabado elegante y delicado que combina perfectamente con cualquier atuendo y se adapta bien para pulseras como collares. * Metal: plata ley .925, dando un fino terminado brilloso y mate * Dimensiones: \u2013 Dije 1.2 cm aproximadamente 2.7 cm de longitud total * Garant\u00eda de fabricaci\u00f3n, no aplica esta garant\u00eda si el producto fuese alterado o no se le diera el uso correcto, fuese expuesto a productos qu\u00edmicos, por fuerzas excesivas o golpes exteriores<\/p>","protected":false},"featured_media":52232,"comment_status":"closed","ping_status":"closed","template":"","meta":[],"product_brand":[],"product_cat":[59],"product_tag":[],"class_list":{"0":"post-52129","1":"product","2":"type-product","3":"status-publish","4":"has-post-thumbnail","6":"product_cat-charm","7":"pa_color-gray","10":"first","11":"instock","12":"taxable","13":"shipping-taxable","14":"purchasable","15":"product-type-simple"},"_links":{"self":[{"href":"https:\/\/zab.com.mx\/es\/wp-json\/wp\/v2\/product\/52129","targetHints":{"allow":["GET"]}}],"collection":[{"href":"https:\/\/zab.com.mx\/es\/wp-json\/wp\/v2\/product"}],"about":[{"href":"https:\/\/zab.com.mx\/es\/wp-json\/wp\/v2\/types\/product"}],"replies":[{"embeddable":true,"href":"https:\/\/zab.com.mx\/es\/wp-json\/wp\/v2\/comments?post=52129"}],"wp:featuredmedia":[{"embeddable":true,"href":"https:\/\/zab.com.mx\/es\/wp-json\/wp\/v2\/media\/52232"}],"wp:attachment":[{"href":"https:\/\/zab.com.mx\/es\/wp-json\/wp\/v2\/media?parent=52129"}],"wp:term":[{"taxonomy":"product_brand","embeddable":true,"href":"https:\/\/zab.com.mx\/es\/wp-json\/wp\/v2\/product_brand?post=52129"},{"taxonomy":"product_cat","embeddable":true,"href":"https:\/\/zab.com.mx\/es\/wp-json\/wp\/v2\/product_cat?post=52129"},{"taxonomy":"product_tag","embeddable":true,"href":"https:\/\/zab.com.mx\/es\/wp-json\/wp\/v2\/product_tag?post=52129"}],"curies":[{"name":"wp","href":"https:\/\/api.w.org\/{rel}","templated":true}]}}