{"id":52126,"date":"2025-09-03T22:31:00","date_gmt":"2025-09-03T22:31:00","guid":{"rendered":"https:\/\/zab.com.mx\/?post_type=product&#038;p=52126"},"modified":"2025-09-23T16:51:07","modified_gmt":"2025-09-23T16:51:07","slug":"mancuernilla-redondas-lisas-en-bano-de-niquel","status":"publish","type":"product","link":"https:\/\/zab.com.mx\/es\/producto\/mancuernilla-redondas-lisas-en-bano-de-niquel\/","title":{"rendered":"MANCUERNILLA REDONDAS LISAS EN BA\u00d1O DE NIQUEL"},"content":{"rendered":"<p>Metal: Laton<br \/>\nBa\u00f1o: Niquel<br \/>\nPiedra: N \/ A<br \/>\nTintas: N\/A<br \/>\nDi\u00e1metro: 1.6 cm<br \/>\nAlto: N\/A<br \/>\nAncho: N\/A<\/p>","protected":false},"excerpt":{"rendered":"<p>* Pieza de joyer\u00eda hecha a mano por artesanos mexicanos, esta par de mancuernillas de circulo liso brillante tiene un acabado elegante y delicado * Idealeas para una boda, graduaci\u00f3n, presentaci\u00f3n o conferencia, pueden ser utilizadas para eventos formales o el d\u00eda a d\u00eda * Metal: laton dando un fino terminado brilloso con un ba\u00f1o de niquel brillante, con broche movible * Dimensiones: \u2013 aproximadamente 1.6 cm de diametro<\/p>","protected":false},"featured_media":52211,"comment_status":"closed","ping_status":"closed","template":"","meta":[],"product_brand":[],"product_cat":[93],"product_tag":[],"class_list":{"0":"post-52126","1":"product","2":"type-product","3":"status-publish","4":"has-post-thumbnail","6":"product_cat-mancuernilla","7":"pa_color-gray","10":"first","11":"instock","12":"taxable","13":"shipping-taxable","14":"purchasable","15":"product-type-simple"},"_links":{"self":[{"href":"https:\/\/zab.com.mx\/es\/wp-json\/wp\/v2\/product\/52126","targetHints":{"allow":["GET"]}}],"collection":[{"href":"https:\/\/zab.com.mx\/es\/wp-json\/wp\/v2\/product"}],"about":[{"href":"https:\/\/zab.com.mx\/es\/wp-json\/wp\/v2\/types\/product"}],"replies":[{"embeddable":true,"href":"https:\/\/zab.com.mx\/es\/wp-json\/wp\/v2\/comments?post=52126"}],"wp:featuredmedia":[{"embeddable":true,"href":"https:\/\/zab.com.mx\/es\/wp-json\/wp\/v2\/media\/52211"}],"wp:attachment":[{"href":"https:\/\/zab.com.mx\/es\/wp-json\/wp\/v2\/media?parent=52126"}],"wp:term":[{"taxonomy":"product_brand","embeddable":true,"href":"https:\/\/zab.com.mx\/es\/wp-json\/wp\/v2\/product_brand?post=52126"},{"taxonomy":"product_cat","embeddable":true,"href":"https:\/\/zab.com.mx\/es\/wp-json\/wp\/v2\/product_cat?post=52126"},{"taxonomy":"product_tag","embeddable":true,"href":"https:\/\/zab.com.mx\/es\/wp-json\/wp\/v2\/product_tag?post=52126"}],"curies":[{"name":"wp","href":"https:\/\/api.w.org\/{rel}","templated":true}]}}