{"id":52042,"date":"2025-09-03T22:29:36","date_gmt":"2025-09-03T22:29:36","guid":{"rendered":"https:\/\/zab.com.mx\/?post_type=product&#038;p=52042"},"modified":"2025-09-03T22:31:17","modified_gmt":"2025-09-03T22:31:17","slug":"dije-geminis-en-plata-925-con-cadena","status":"publish","type":"product","link":"https:\/\/zab.com.mx\/es\/producto\/dije-geminis-en-plata-925-con-cadena\/","title":{"rendered":"DIJE GEMINIS EN PLATA.925 CON CADENA"},"content":{"rendered":"<p>Metal: Plata .925<br \/>\nBa\u00f1o: N\/A<br \/>\nPiedra: N \/ A<br \/>\nTintas: N\/A<br \/>\nDi\u00e1metro: N\/A<br \/>\nAlto: 2.0 cm<br \/>\nAncho: 1.5 cm<br \/>\nCadena: 50 cm<\/p>","protected":false},"excerpt":{"rendered":"<p>* Pieza de joyer\u00eda hecha a mano con amor por artesanos mexicanos, este dije con imagen del signo del zodiaco de Geminis incluye cadena tipo barbada, tiene un acabado elegante y delicado que combina perfectamente con cualquier atuendo , ideal para obsequios del dia de la los enamorados, aniversarios, dia de la madre, navidad, cumplea\u00f1os * Metal: plata ley .925, dando un fino terminado brilloso y mate * Dimensiones: \u2013 Dije 2.0 x 1.5 cm &#8211; cadena 50 cm de largo total * Garant\u00eda de fabricaci\u00f3n, no aplica esta garant\u00eda si el producto fuese alterado o no se le diera el uso correcto, fuese expuesto a productos qu\u00edmicos, por fuerzas excesivas o golpes exteriores<\/p>","protected":false},"featured_media":52150,"comment_status":"closed","ping_status":"closed","template":"","meta":[],"product_brand":[],"product_cat":[123],"product_tag":[],"class_list":{"0":"post-52042","1":"product","2":"type-product","3":"status-publish","4":"has-post-thumbnail","6":"product_cat-dije","9":"first","10":"outofstock","11":"taxable","12":"shipping-taxable","13":"purchasable","14":"product-type-simple"},"_links":{"self":[{"href":"https:\/\/zab.com.mx\/es\/wp-json\/wp\/v2\/product\/52042","targetHints":{"allow":["GET"]}}],"collection":[{"href":"https:\/\/zab.com.mx\/es\/wp-json\/wp\/v2\/product"}],"about":[{"href":"https:\/\/zab.com.mx\/es\/wp-json\/wp\/v2\/types\/product"}],"replies":[{"embeddable":true,"href":"https:\/\/zab.com.mx\/es\/wp-json\/wp\/v2\/comments?post=52042"}],"wp:featuredmedia":[{"embeddable":true,"href":"https:\/\/zab.com.mx\/es\/wp-json\/wp\/v2\/media\/52150"}],"wp:attachment":[{"href":"https:\/\/zab.com.mx\/es\/wp-json\/wp\/v2\/media?parent=52042"}],"wp:term":[{"taxonomy":"product_brand","embeddable":true,"href":"https:\/\/zab.com.mx\/es\/wp-json\/wp\/v2\/product_brand?post=52042"},{"taxonomy":"product_cat","embeddable":true,"href":"https:\/\/zab.com.mx\/es\/wp-json\/wp\/v2\/product_cat?post=52042"},{"taxonomy":"product_tag","embeddable":true,"href":"https:\/\/zab.com.mx\/es\/wp-json\/wp\/v2\/product_tag?post=52042"}],"curies":[{"name":"wp","href":"https:\/\/api.w.org\/{rel}","templated":true}]}}