{"id":52019,"date":"2025-09-03T22:29:31","date_gmt":"2025-09-03T22:29:31","guid":{"rendered":"https:\/\/zab.com.mx\/?post_type=product&#038;p=52019"},"modified":"2025-09-23T15:19:06","modified_gmt":"2025-09-23T15:19:06","slug":"dije-san-benito-en-plata-925-2-cm-diametro","status":"publish","type":"product","link":"https:\/\/zab.com.mx\/es\/producto\/dije-san-benito-en-plata-925-2-cm-diametro\/","title":{"rendered":"DIJE SAN BENITO EN PLATA .925, 2 cm DIAMETRO"},"content":{"rendered":"<p>Metal: Plata .925<br \/>\nBa\u00f1o: N\/A<br \/>\nPiedra: N \/ A<br \/>\nTintas: N\/A<br \/>\nDi\u00e1metro: 2.0 cm<br \/>\nAlto: N\/A<br \/>\nAncho: N\/A<br \/>\nCadena: 50 cm<\/p>","protected":false},"excerpt":{"rendered":"<p>* Pieza de joyer\u00eda hecha a mano con amor por artesanos mexicanos, este dije con imagen religiosa de San Benito a dos caras incluye caena tipo barbada, tiene un acabado elegante y delicado que combina perfectamente con cualquier atuendo , ideal para obsequios del dia de la los enamorados, aniversarios, dia de la madre, navidad, cumplea\u00f1os                                                                                                                                                                                                                                                                                                                * Metal: plata ley .925,  dando un fino terminado  brilloso y mate                                                                                                                                                                                                                                                                                                                     * Dimensiones:  \u2013 Dije 2.0 cm &#8211;  cadena 50 cm de largo total                                                                                                               * Garant\u00eda de fabricaci\u00f3n, no aplica esta garant\u00eda si el producto fuese alterado o no se le diera el uso correcto, fuese expuesto a productos qu\u00edmicos, por fuerzas excesivas o golpes exteriores<\/p>","protected":false},"featured_media":52069,"comment_status":"closed","ping_status":"closed","template":"","meta":[],"product_brand":[],"product_cat":[123],"product_tag":[],"class_list":{"0":"post-52019","1":"product","2":"type-product","3":"status-publish","4":"has-post-thumbnail","6":"product_cat-dije","7":"pa_color-gray","10":"first","11":"outofstock","12":"taxable","13":"shipping-taxable","14":"purchasable","15":"product-type-simple"},"_links":{"self":[{"href":"https:\/\/zab.com.mx\/es\/wp-json\/wp\/v2\/product\/52019","targetHints":{"allow":["GET"]}}],"collection":[{"href":"https:\/\/zab.com.mx\/es\/wp-json\/wp\/v2\/product"}],"about":[{"href":"https:\/\/zab.com.mx\/es\/wp-json\/wp\/v2\/types\/product"}],"replies":[{"embeddable":true,"href":"https:\/\/zab.com.mx\/es\/wp-json\/wp\/v2\/comments?post=52019"}],"wp:featuredmedia":[{"embeddable":true,"href":"https:\/\/zab.com.mx\/es\/wp-json\/wp\/v2\/media\/52069"}],"wp:attachment":[{"href":"https:\/\/zab.com.mx\/es\/wp-json\/wp\/v2\/media?parent=52019"}],"wp:term":[{"taxonomy":"product_brand","embeddable":true,"href":"https:\/\/zab.com.mx\/es\/wp-json\/wp\/v2\/product_brand?post=52019"},{"taxonomy":"product_cat","embeddable":true,"href":"https:\/\/zab.com.mx\/es\/wp-json\/wp\/v2\/product_cat?post=52019"},{"taxonomy":"product_tag","embeddable":true,"href":"https:\/\/zab.com.mx\/es\/wp-json\/wp\/v2\/product_tag?post=52019"}],"curies":[{"name":"wp","href":"https:\/\/api.w.org\/{rel}","templated":true}]}}