{"id":54102,"date":"2026-03-02T17:56:36","date_gmt":"2026-03-02T17:56:36","guid":{"rendered":"https:\/\/zab.com.mx\/?page_id=54102"},"modified":"2026-03-02T18:17:25","modified_gmt":"2026-03-02T18:17:25","slug":"vision-mision-valores","status":"publish","type":"page","link":"https:\/\/zab.com.mx\/es\/vision-mision-valores\/","title":{"rendered":"Visi\u00f3n &#8211; Misi\u00f3n  &#8211; Valores"},"content":{"rendered":"\t\t<div data-elementor-type=\"wp-page\" data-elementor-id=\"54102\" class=\"elementor elementor-54102\" data-elementor-post-type=\"page\">\n\t\t\t\t\t\t<section class=\"elementor-section elementor-top-section elementor-element elementor-element-2f1d2f37 elementor-section-boxed elementor-section-height-default elementor-section-height-default\" data-id=\"2f1d2f37\" data-element_type=\"section\" data-e-type=\"section\" id=\"mision\" data-settings=\"{&quot;motion_fx_motion_fx_scrolling&quot;:&quot;yes&quot;,&quot;motion_fx_devices&quot;:[&quot;desktop&quot;,&quot;tablet&quot;,&quot;mobile&quot;]}\">\n\t\t\t\t\t\t<div class=\"elementor-container elementor-column-gap-default\">\n\t\t\t\t\t<div class=\"elementor-column elementor-col-100 elementor-top-column elementor-element elementor-element-72fd1b46\" data-id=\"72fd1b46\" data-element_type=\"column\" data-e-type=\"column\">\n\t\t\t<div class=\"elementor-widget-wrap elementor-element-populated\">\n\t\t\t\t\t\t<div class=\"elementor-element elementor-element-6d02a8a5 elementor-widget elementor-widget-text-editor\" data-id=\"6d02a8a5\" data-element_type=\"widget\" data-e-type=\"widget\" data-widget_type=\"text-editor.default\">\n\t\t\t\t\t\t\t\t\t<h3 data-start=\"156\" data-end=\"201\"><strong data-start=\"160\" data-end=\"201\">Nuestra Misi\u00f3n<\/strong><\/h3><div class=\"flex flex-col text-sm pb-25\"><article class=\"text-token-text-primary w-full focus:outline-none [--shadow-height:45px] has-data-writing-block:pointer-events-none has-data-writing-block:-mt-(--shadow-height) has-data-writing-block:pt-(--shadow-height) [&amp;:has([data-writing-block])&gt;*]:pointer-events-auto scroll-mt-[calc(var(--header-height)+min(200px,max(70px,20svh)))]\" dir=\"auto\" tabindex=\"-1\" data-turn-id=\"request-WEB:274f3d99-a739-49a4-ad96-942dccaa2d27-1\" data-testid=\"conversation-turn-4\" data-scroll-anchor=\"true\" data-turn=\"assistant\"><div class=\"text-base my-auto mx-auto pb-10 [--thread-content-margin:--spacing(4)] @w-sm\/main:[--thread-content-margin:--spacing(6)] @w-lg\/main:[--thread-content-margin:--spacing(16)] px-(--thread-content-margin)\"><div class=\"[--thread-content-max-width:40rem] @w-lg\/main:[--thread-content-max-width:48rem] mx-auto max-w-(--thread-content-max-width) flex-1 group\/turn-messages focus-visible:outline-hidden relative flex w-full min-w-0 flex-col agent-turn\" tabindex=\"-1\"><div class=\"flex max-w-full flex-col grow\"><div class=\"min-h-8 text-message relative flex w-full flex-col items-end gap-2 text-start break-words whitespace-normal [.text-message+&amp;]:mt-1\" dir=\"auto\" data-message-author-role=\"assistant\" data-message-id=\"cf3a8048-10fb-43d5-a14b-f7a4dbf23578\" data-message-model-slug=\"gpt-5-2\"><div class=\"flex w-full flex-col gap-1 empty:hidden first:pt-[1px]\"><div class=\"markdown prose dark:prose-invert w-full wrap-break-word light markdown-new-styling\"><p data-start=\"52\" data-end=\"357\" data-is-last-node=\"\" data-is-only-node=\"\">Ofrecemos asesor\u00eda en la excelencia de reconocimientos que perduran, desarrollando productos que comunican emociones con alto valor agregado por su dise\u00f1o y calidad en la <strong data-start=\"223\" data-end=\"238\">elaboraci\u00f3n<\/strong>, trabajando siempre en la <strong data-start=\"265\" data-end=\"277\">b\u00fasqueda<\/strong> del mejoramiento continuo de la empresa con cobertura nacional e internacional.<\/p><\/div><\/div><\/div><\/div><\/div><\/div><\/article><\/div><p><!-- \/wp:paragraph --><\/p>\t\t\t\t\t\t\t\t<\/div>\n\t\t\t\t\t<\/div>\n\t\t<\/div>\n\t\t\t\t\t<\/div>\n\t\t<\/section>\n\t\t\t\t<section class=\"elementor-section elementor-top-section elementor-element elementor-element-ba49bce elementor-section-boxed elementor-section-height-default elementor-section-height-default\" data-id=\"ba49bce\" data-element_type=\"section\" data-e-type=\"section\" id=\"vision\">\n\t\t\t\t\t\t<div class=\"elementor-container elementor-column-gap-default\">\n\t\t\t\t\t<div class=\"elementor-column elementor-col-100 elementor-top-column elementor-element elementor-element-4269d6b\" data-id=\"4269d6b\" data-element_type=\"column\" data-e-type=\"column\">\n\t\t\t<div class=\"elementor-widget-wrap elementor-element-populated\">\n\t\t\t\t\t\t<div class=\"elementor-element elementor-element-755d962 elementor-widget elementor-widget-text-editor\" data-id=\"755d962\" data-element_type=\"widget\" data-e-type=\"widget\" data-widget_type=\"text-editor.default\">\n\t\t\t\t\t\t\t\t\t<h3 data-start=\"156\" data-end=\"201\"><strong data-start=\"160\" data-end=\"201\">Nuestra Visi\u00f3n<\/strong><\/h3><p data-start=\"203\" data-end=\"326\">Ser la empresa l\u00edder en dise\u00f1o y fabricaci\u00f3n de reconocimientos consolidando el posicionamiento de la marca ZAB a nivel nacional e internacional<\/p><p data-start=\"203\" data-end=\"326\">\u00a0<\/p><p><!-- \/wp:paragraph --><\/p>\t\t\t\t\t\t\t\t<\/div>\n\t\t\t\t\t<\/div>\n\t\t<\/div>\n\t\t\t\t\t<\/div>\n\t\t<\/section>\n\t\t\t\t<section class=\"elementor-section elementor-top-section elementor-element elementor-element-8b47a8e elementor-section-boxed elementor-section-height-default elementor-section-height-default\" data-id=\"8b47a8e\" data-element_type=\"section\" data-e-type=\"section\" id=\"valores\">\n\t\t\t\t\t\t<div class=\"elementor-container elementor-column-gap-default\">\n\t\t\t\t\t<div class=\"elementor-column elementor-col-100 elementor-top-column elementor-element elementor-element-0232a20\" data-id=\"0232a20\" data-element_type=\"column\" data-e-type=\"column\">\n\t\t\t<div class=\"elementor-widget-wrap elementor-element-populated\">\n\t\t\t\t\t\t<div class=\"elementor-element elementor-element-cb5ecf5 elementor-widget elementor-widget-text-editor\" data-id=\"cb5ecf5\" data-element_type=\"widget\" data-e-type=\"widget\" data-widget_type=\"text-editor.default\">\n\t\t\t\t\t\t\t\t\t<h3 data-start=\"156\" data-end=\"201\"><strong data-start=\"160\" data-end=\"201\">Nuestros Valores<\/strong><\/h3><p>Calidad<br \/>Honestidad<br \/>Respeto<br \/>Responsabilidad<br \/>Trabajo en equipo<br \/>Productividad<\/p><p><!-- \/wp:paragraph --><\/p>\t\t\t\t\t\t\t\t<\/div>\n\t\t\t\t\t<\/div>\n\t\t<\/div>\n\t\t\t\t\t<\/div>\n\t\t<\/section>\n\t\t\t\t<\/div>\n\t\t","protected":false},"excerpt":{"rendered":"<p>Nuestra Misi\u00f3n Ofrecemos asesor\u00eda en la excelencia de reconocimientos que perduran, desarrollando productos que comunican emociones con alto valor agregado por su dise\u00f1o y calidad en la elaboraci\u00f3n, trabajando siempre en la b\u00fasqueda del mejoramiento continuo de la empresa con cobertura nacional e internacional. Nuestra Visi\u00f3n Ser la empresa l\u00edder en dise\u00f1o y fabricaci\u00f3n de [&hellip;]<\/p>\n","protected":false},"author":1,"featured_media":0,"parent":0,"menu_order":0,"comment_status":"closed","ping_status":"closed","template":"","meta":{"footnotes":""},"class_list":["post-54102","page","type-page","status-publish","hentry"],"_links":{"self":[{"href":"https:\/\/zab.com.mx\/es\/wp-json\/wp\/v2\/pages\/54102","targetHints":{"allow":["GET"]}}],"collection":[{"href":"https:\/\/zab.com.mx\/es\/wp-json\/wp\/v2\/pages"}],"about":[{"href":"https:\/\/zab.com.mx\/es\/wp-json\/wp\/v2\/types\/page"}],"author":[{"embeddable":true,"href":"https:\/\/zab.com.mx\/es\/wp-json\/wp\/v2\/users\/1"}],"replies":[{"embeddable":true,"href":"https:\/\/zab.com.mx\/es\/wp-json\/wp\/v2\/comments?post=54102"}],"version-history":[{"count":7,"href":"https:\/\/zab.com.mx\/es\/wp-json\/wp\/v2\/pages\/54102\/revisions"}],"predecessor-version":[{"id":54109,"href":"https:\/\/zab.com.mx\/es\/wp-json\/wp\/v2\/pages\/54102\/revisions\/54109"}],"wp:attachment":[{"href":"https:\/\/zab.com.mx\/es\/wp-json\/wp\/v2\/media?parent=54102"}],"curies":[{"name":"wp","href":"https:\/\/api.w.org\/{rel}","templated":true}]}}