{"id":27350,"date":"2021-08-25T08:25:29","date_gmt":"2021-08-25T08:25:29","guid":{"rendered":"http:\/\/localhost\/wordpress\/adena\/?page_id=27350"},"modified":"2025-10-21T20:02:49","modified_gmt":"2025-10-21T20:02:49","slug":"politicasdereembolso","status":"publish","type":"page","link":"https:\/\/zab.com.mx\/es\/politicasdereembolso\/","title":{"rendered":"Pol\u00edtica de reembolso"},"content":{"rendered":"<div data-elementor-type=\"wp-page\" data-elementor-id=\"27350\" class=\"elementor elementor-27350\" data-elementor-post-type=\"page\">\n\t\t\t\t\t\t<section class=\"elementor-section elementor-top-section elementor-element elementor-element-2f1d2f37 elementor-section-boxed elementor-section-height-default elementor-section-height-default\" data-id=\"2f1d2f37\" data-element_type=\"section\" data-e-type=\"section\">\n\t\t\t\t\t\t<div class=\"elementor-container elementor-column-gap-default\">\n\t\t\t\t\t<div class=\"elementor-column elementor-col-100 elementor-top-column elementor-element elementor-element-72fd1b46\" data-id=\"72fd1b46\" data-element_type=\"column\" data-e-type=\"column\">\n\t\t\t<div class=\"elementor-widget-wrap elementor-element-populated\">\n\t\t\t\t\t\t<div class=\"elementor-element elementor-element-6d02a8a5 elementor-widget elementor-widget-text-editor\" data-id=\"6d02a8a5\" data-element_type=\"widget\" data-e-type=\"widget\" data-widget_type=\"text-editor.default\">\n\t\t\t\t\t\t\t\t\t<h3 data-start=\"156\" data-end=\"201\"><strong data-start=\"160\" data-end=\"201\">Pol\u00edtica de Devoluciones y Reembolsos<\/strong><\/h3>\n<p data-start=\"203\" data-end=\"326\">Los art\u00edculos enviados por <strong data-start=\"230\" data-end=\"247\">ZAB de M\u00e9xico<\/strong> pueden devolverse dentro de los <strong data-start=\"280\" data-end=\"325\">15 d\u00edas posteriores a la fecha de entrega<\/strong>.<\/p>\n<p data-start=\"328\" data-end=\"394\">Los productos deben ser devueltos en las siguientes condiciones:<\/p>\n<ul data-start=\"395\" data-end=\"505\">\n<li data-start=\"395\" data-end=\"449\">\n<p data-start=\"397\" data-end=\"449\">En el <strong data-start=\"403\" data-end=\"419\">mismo estado<\/strong> en el que fueron recibidos.<\/p>\n<\/li>\n<li data-start=\"450\" data-end=\"505\">\n<p data-start=\"452\" data-end=\"505\"><strong data-start=\"452\" data-end=\"474\">Nuevos y completos<\/strong>, sin se\u00f1ales de uso ni da\u00f1o.<\/p>\n<\/li>\n<\/ul>\n<p data-start=\"507\" data-end=\"683\">Los <strong data-start=\"511\" data-end=\"530\">gastos de env\u00edo<\/strong> corren por cuenta del cliente.<br data-start=\"561\" data-end=\"564\" \/>Para solicitar una devoluci\u00f3n o reembolso, env\u00ede un correo a <strong data-start=\"625\" data-end=\"646\"><a class=\"decorated-link cursor-pointer\" rel=\"noopener\" data-start=\"627\" data-end=\"644\">ventas@zab.com.mx<\/a><\/strong> indicando los detalles de su pedido.<\/p>\n<p data-start=\"685\" data-end=\"895\">Una vez recibido y comprobado el estado de los productos, se realizar\u00e1 el <strong data-start=\"759\" data-end=\"817\">reembolso \u00edntegro en un plazo m\u00e1ximo de 3 d\u00edas h\u00e1biles<\/strong>.<br data-start=\"818\" data-end=\"821\" \/>El reembolso se efectuar\u00e1 <strong data-start=\"847\" data-end=\"894\">en la misma forma en que se realiz\u00f3 el pago<\/strong>.<\/p>\n<!-- \/wp:paragraph -->\t\t\t\t\t\t\t\t<\/div>\n\t\t\t\t\t<\/div>\n\t\t<\/div>\n\t\t\t\t\t<\/div>\n\t\t<\/section>\n\t\t\t\t<\/div>","protected":false},"excerpt":{"rendered":"<p>Pol\u00edtica de Devoluciones y Reembolsos Los art\u00edculos enviados por ZAB de M\u00e9xico pueden devolverse dentro de los 15 d\u00edas posteriores a la fecha de entrega. Los productos deben ser devueltos en las siguientes condiciones: En el mismo estado en el que fueron recibidos. Nuevos y completos, sin se\u00f1ales de uso ni da\u00f1o. Los gastos de [&hellip;]<\/p>\n","protected":false},"author":1,"featured_media":0,"parent":0,"menu_order":0,"comment_status":"closed","ping_status":"closed","template":"","meta":{"footnotes":""},"class_list":["post-27350","page","type-page","status-publish","hentry"],"_links":{"self":[{"href":"https:\/\/zab.com.mx\/es\/wp-json\/wp\/v2\/pages\/27350","targetHints":{"allow":["GET"]}}],"collection":[{"href":"https:\/\/zab.com.mx\/es\/wp-json\/wp\/v2\/pages"}],"about":[{"href":"https:\/\/zab.com.mx\/es\/wp-json\/wp\/v2\/types\/page"}],"author":[{"embeddable":true,"href":"https:\/\/zab.com.mx\/es\/wp-json\/wp\/v2\/users\/1"}],"replies":[{"embeddable":true,"href":"https:\/\/zab.com.mx\/es\/wp-json\/wp\/v2\/comments?post=27350"}],"version-history":[{"count":4,"href":"https:\/\/zab.com.mx\/es\/wp-json\/wp\/v2\/pages\/27350\/revisions"}],"predecessor-version":[{"id":54063,"href":"https:\/\/zab.com.mx\/es\/wp-json\/wp\/v2\/pages\/27350\/revisions\/54063"}],"wp:attachment":[{"href":"https:\/\/zab.com.mx\/es\/wp-json\/wp\/v2\/media?parent=27350"}],"curies":[{"name":"wp","href":"https:\/\/api.w.org\/{rel}","templated":true}]}}